{"id":1527,"date":"2023-11-10T11:22:59","date_gmt":"2023-11-10T10:22:59","guid":{"rendered":"https:\/\/prisonisland.nu\/?page_id=1527"},"modified":"2023-11-10T12:06:32","modified_gmt":"2023-11-10T11:06:32","slug":"bokningsvillkor","status":"publish","type":"page","link":"https:\/\/prisonisland.nu\/en\/bokningsvillkor\/","title":{"rendered":"bokningsvillkor"},"content":{"rendered":"<div data-elementor-type=\"wp-post\" data-elementor-id=\"1527\" class=\"elementor elementor-1527\" data-elementor-post-type=\"page\">\n\t\t\t\t\t\t\t\t\t<section class=\"elementor-section elementor-top-section elementor-element elementor-element-c6060cb elementor-section-stretched elementor-hidden-mobile elementor-section-boxed elementor-section-height-default elementor-section-height-default\" data-id=\"c6060cb\" data-element_type=\"section\" data-settings=\"{&quot;stretch_section&quot;:&quot;section-stretched&quot;,&quot;background_background&quot;:&quot;classic&quot;}\">\n\t\t\t\t\t\t<div class=\"elementor-container elementor-column-gap-wide\">\n\t\t\t\t\t<div class=\"elementor-column elementor-col-100 elementor-top-column elementor-element elementor-element-80f61c5\" data-id=\"80f61c5\" data-element_type=\"column\">\n\t\t\t<div class=\"elementor-widget-wrap elementor-element-populated\">\n\t\t\t\t\t\t\t\t<div class=\"elementor-element elementor-element-2fb4c2b elementor-widget elementor-widget-heading\" data-id=\"2fb4c2b\" data-element_type=\"widget\" data-widget_type=\"heading.default\">\n\t\t\t\t<div class=\"elementor-widget-container\">\n\t\t\t<h2 class=\"elementor-heading-title elementor-size-default\">booking conditions<\/h2>\t\t<\/div>\n\t\t\t\t<\/div>\n\t\t\t\t\t<\/div>\n\t\t<\/div>\n\t\t\t\t\t\t\t<\/div>\n\t\t<\/section>\n\t\t\t\t<section class=\"elementor-section elementor-top-section elementor-element elementor-element-42f13123 elementor-section-stretched elementor-reverse-mobile elementor-section-boxed elementor-section-height-default elementor-section-height-default\" data-id=\"42f13123\" data-element_type=\"section\" data-settings=\"{&quot;stretch_section&quot;:&quot;section-stretched&quot;,&quot;background_background&quot;:&quot;gradient&quot;}\">\n\t\t\t\t\t\t<div class=\"elementor-container elementor-column-gap-wide\">\n\t\t\t\t\t<div class=\"elementor-column elementor-col-100 elementor-top-column elementor-element elementor-element-109fe0a5\" data-id=\"109fe0a5\" data-element_type=\"column\">\n\t\t\t<div class=\"elementor-widget-wrap elementor-element-populated\">\n\t\t\t\t\t\t\t\t<section class=\"elementor-section elementor-inner-section elementor-element elementor-element-65534f2f elementor-section-boxed elementor-section-height-default elementor-section-height-default\" data-id=\"65534f2f\" data-element_type=\"section\" data-settings=\"{&quot;background_background&quot;:&quot;classic&quot;}\">\n\t\t\t\t\t\t<div class=\"elementor-container elementor-column-gap-default\">\n\t\t\t\t\t<div class=\"elementor-column elementor-col-100 elementor-inner-column elementor-element elementor-element-40a157b4\" data-id=\"40a157b4\" data-element_type=\"column\">\n\t\t\t<div class=\"elementor-widget-wrap elementor-element-populated\">\n\t\t\t\t\t\t\t\t<div class=\"elementor-element elementor-element-de134c2 elementor-widget elementor-widget-text-editor\" data-id=\"de134c2\" data-element_type=\"widget\" data-widget_type=\"text-editor.default\">\n\t\t\t\t<div class=\"elementor-widget-container\">\n\t\t\t\t\t\t\t<p><strong>\u00c4ndring samt avbokning<\/strong><br \/>\u00c4ndring och avbokning av aktivitet kan ske till och med 24 timmar innan bokat datum, d\u00e4refter \u00e4r bokningen bindande och vi debiterar efter vad som \u00e4r bokat! Undantag f\u00f6rekommer f\u00f6r vissa bokningar, detta st\u00e5r i s\u00e5 fall under rubriken &#8221;p\u00e5b\u00f6rja bokning&#8221; p\u00e5 respektive bokningssida t.ex Konferens sidan.<\/p><p>Ni kan avboka och \u00e4ndra genom bokningsbekr\u00e4ftelsen ni f\u00e5tt p\u00e5 eran mail eller ringa\/maila oss p\u00e5: 031 797 19 99 \/ reception@prisonisland.nu. Notera att kunder p\u00e5 plats g\u00e5r f\u00f6re telefonen s\u00e5 om vi har mycket att g\u00f6ra kan det ibland vara sv\u00e5rt att komma fram!<\/p><p>I och med nya dataskyddslagen som tr\u00e4dde i kraft den 25:e maj vill vi informera om att vi vid bokning sparar namn och telefonnummer i v\u00e5rt bokningssystem.<\/p><p><strong>Personuppgifter<\/strong><br \/>Dina uppgifter sparas och anv\u00e4ndes s\u00e5 att vi kan ge dig den service du f\u00f6rv\u00e4ntar dig t.ex. information kring bokning m.m. och i \u00f6vrigt ge dig en god service. Vi skickar epost till dig g\u00e4llande bokningsbekr\u00e4ftelse, p\u00e5minnelse om bokning, avbokning samt \u00e4ndring av bokning.<br \/>Vi behandlar personuppgifter s\u00e4kert och i enlighet med dataskyddslagen.<\/p><p><strong>Reservation<\/strong><br \/>Med reservation f\u00f6r felaktigheter i v\u00e5rt bokningssystem, prislista eller hemsida.<\/p><p>Vi ser fram emot ert bes\u00f6k!<\/p><p><strong>V\u00e4lkomna!<\/strong><\/p>\t\t\t\t\t\t<\/div>\n\t\t\t\t<\/div>\n\t\t\t\t\t<\/div>\n\t\t<\/div>\n\t\t\t\t\t\t\t<\/div>\n\t\t<\/section>\n\t\t\t\t\t<\/div>\n\t\t<\/div>\n\t\t\t\t\t\t\t<\/div>\n\t\t<\/section>\n\t\t\t\t\t\t\t<\/div>","protected":false},"excerpt":{"rendered":"<p>Bokningsvillkor \u00c4ndring samt avbokning\u00c4ndring och avbokning av aktivitet kan ske till och med 24 timmar innan bokat datum, d\u00e4refter \u00e4r bokningen bindande och vi debiterar efter vad som \u00e4r bokat! Undantag f\u00f6rekommer f\u00f6r vissa bokningar, detta st\u00e5r i s\u00e5 fall under rubriken &#8221;p\u00e5b\u00f6rja bokning&#8221; p\u00e5 respektive bokningssida t.ex Konferens sidan. Ni kan avboka och \u00e4ndra [&hellip;]<\/p>","protected":false},"author":3,"featured_media":0,"parent":0,"menu_order":0,"comment_status":"closed","ping_status":"closed","template":"elementor_header_footer","meta":{"ocean_post_layout":"","ocean_both_sidebars_style":"","ocean_both_sidebars_content_width":0,"ocean_both_sidebars_sidebars_width":0,"ocean_sidebar":"0","ocean_second_sidebar":"0","ocean_disable_margins":"enable","ocean_add_body_class":"","ocean_shortcode_before_top_bar":"","ocean_shortcode_after_top_bar":"","ocean_shortcode_before_header":"","ocean_shortcode_after_header":"","ocean_has_shortcode":"","ocean_shortcode_after_title":"","ocean_shortcode_before_footer_widgets":"","ocean_shortcode_after_footer_widgets":"","ocean_shortcode_before_footer_bottom":"","ocean_shortcode_after_footer_bottom":"","ocean_display_top_bar":"default","ocean_display_header":"default","ocean_header_style":"","ocean_center_header_left_menu":"0","ocean_custom_header_template":"0","ocean_custom_logo":0,"ocean_custom_retina_logo":0,"ocean_custom_logo_max_width":0,"ocean_custom_logo_tablet_max_width":0,"ocean_custom_logo_mobile_max_width":0,"ocean_custom_logo_max_height":0,"ocean_custom_logo_tablet_max_height":0,"ocean_custom_logo_mobile_max_height":0,"ocean_header_custom_menu":"0","ocean_menu_typo_font_family":"0","ocean_menu_typo_font_subset":"","ocean_menu_typo_font_size":0,"ocean_menu_typo_font_size_tablet":0,"ocean_menu_typo_font_size_mobile":0,"ocean_menu_typo_font_size_unit":"px","ocean_menu_typo_font_weight":"","ocean_menu_typo_font_weight_tablet":"","ocean_menu_typo_font_weight_mobile":"","ocean_menu_typo_transform":"","ocean_menu_typo_transform_tablet":"","ocean_menu_typo_transform_mobile":"","ocean_menu_typo_line_height":0,"ocean_menu_typo_line_height_tablet":0,"ocean_menu_typo_line_height_mobile":0,"ocean_menu_typo_line_height_unit":"","ocean_menu_typo_spacing":0,"ocean_menu_typo_spacing_tablet":0,"ocean_menu_typo_spacing_mobile":0,"ocean_menu_typo_spacing_unit":"","ocean_menu_link_color":"","ocean_menu_link_color_hover":"","ocean_menu_link_color_active":"","ocean_menu_link_background":"","ocean_menu_link_hover_background":"","ocean_menu_link_active_background":"","ocean_menu_social_links_bg":"","ocean_menu_social_hover_links_bg":"","ocean_menu_social_links_color":"","ocean_menu_social_hover_links_color":"","ocean_disable_title":"default","ocean_disable_heading":"default","ocean_post_title":"","ocean_post_subheading":"","ocean_post_title_style":"","ocean_post_title_background_color":"","ocean_post_title_background":0,"ocean_post_title_bg_image_position":"","ocean_post_title_bg_image_attachment":"","ocean_post_title_bg_image_repeat":"","ocean_post_title_bg_image_size":"","ocean_post_title_height":0,"ocean_post_title_bg_overlay":0.5,"ocean_post_title_bg_overlay_color":"","ocean_disable_breadcrumbs":"default","ocean_breadcrumbs_color":"","ocean_breadcrumbs_separator_color":"","ocean_breadcrumbs_links_color":"","ocean_breadcrumbs_links_hover_color":"","ocean_display_footer_widgets":"default","ocean_display_footer_bottom":"default","ocean_custom_footer_template":"0","footnotes":""},"yoast_head":"<!-- This site is optimized with the Yoast SEO plugin v21.6 - https:\/\/yoast.com\/wordpress\/plugins\/seo\/ -->\n<title>bokningsvillkor - Prison Island G\u00f6teborg<\/title>\n<meta name=\"robots\" content=\"index, follow, max-snippet:-1, max-image-preview:large, max-video-preview:-1\" \/>\n<link rel=\"canonical\" href=\"https:\/\/prisonisland.nu\/en\/bokningsvillkor\/\" \/>\n<meta property=\"og:locale\" content=\"en_GB\" \/>\n<meta property=\"og:type\" content=\"article\" \/>\n<meta property=\"og:title\" content=\"bokningsvillkor - Prison Island G\u00f6teborg\" \/>\n<meta property=\"og:description\" content=\"Bokningsvillkor \u00c4ndring samt avbokning\u00c4ndring och avbokning av aktivitet kan ske till och med 24 timmar innan bokat datum, d\u00e4refter \u00e4r bokningen bindande och vi debiterar efter vad som \u00e4r bokat! Undantag f\u00f6rekommer f\u00f6r vissa bokningar, detta st\u00e5r i s\u00e5 fall under rubriken &#8221;p\u00e5b\u00f6rja bokning&#8221; p\u00e5 respektive bokningssida t.ex Konferens sidan. Ni kan avboka och \u00e4ndra [&hellip;]\" \/>\n<meta property=\"og:url\" content=\"https:\/\/prisonisland.nu\/en\/bokningsvillkor\/\" \/>\n<meta property=\"og:site_name\" content=\"Prison Island G\u00f6teborg\" \/>\n<meta property=\"article:publisher\" content=\"https:\/\/www.facebook.com\/prisonislandgbg\/\" \/>\n<meta property=\"article:modified_time\" content=\"2023-11-10T11:06:32+00:00\" \/>\n<meta name=\"twitter:card\" content=\"summary_large_image\" \/>\n<meta name=\"twitter:label1\" content=\"Estimated reading time\" \/>\n\t<meta name=\"twitter:data1\" content=\"1 minute\" \/>\n<script type=\"application\/ld+json\" class=\"yoast-schema-graph\">{\"@context\":\"https:\/\/schema.org\",\"@graph\":[{\"@type\":\"WebPage\",\"@id\":\"https:\/\/prisonisland.nu\/bokningsvillkor\/\",\"url\":\"https:\/\/prisonisland.nu\/bokningsvillkor\/\",\"name\":\"bokningsvillkor - Prison Island G\u00f6teborg\",\"isPartOf\":{\"@id\":\"https:\/\/prisonisland.nu\/#website\"},\"datePublished\":\"2023-11-10T10:22:59+00:00\",\"dateModified\":\"2023-11-10T11:06:32+00:00\",\"breadcrumb\":{\"@id\":\"https:\/\/prisonisland.nu\/bokningsvillkor\/#breadcrumb\"},\"inLanguage\":\"en-GB\",\"potentialAction\":[{\"@type\":\"ReadAction\",\"target\":[\"https:\/\/prisonisland.nu\/bokningsvillkor\/\"]}]},{\"@type\":\"BreadcrumbList\",\"@id\":\"https:\/\/prisonisland.nu\/bokningsvillkor\/#breadcrumb\",\"itemListElement\":[{\"@type\":\"ListItem\",\"position\":1,\"name\":\"Home\",\"item\":\"https:\/\/prisonisland.nu\/\"},{\"@type\":\"ListItem\",\"position\":2,\"name\":\"bokningsvillkor\"}]},{\"@type\":\"WebSite\",\"@id\":\"https:\/\/prisonisland.nu\/#website\",\"url\":\"https:\/\/prisonisland.nu\/\",\"name\":\"Prison Island G\u00f6teborg\",\"description\":\"Unikt F\u00e4ngelse\u00e4ventyr Med Utmanande \u00c4ventyrsceller\",\"publisher\":{\"@id\":\"https:\/\/prisonisland.nu\/#organization\"},\"potentialAction\":[{\"@type\":\"SearchAction\",\"target\":{\"@type\":\"EntryPoint\",\"urlTemplate\":\"https:\/\/prisonisland.nu\/?s={search_term_string}\"},\"query-input\":\"required name=search_term_string\"}],\"inLanguage\":\"en-GB\"},{\"@type\":\"Organization\",\"@id\":\"https:\/\/prisonisland.nu\/#organization\",\"name\":\"Prison Island G\u00f6teborg\",\"url\":\"https:\/\/prisonisland.nu\/\",\"logo\":{\"@type\":\"ImageObject\",\"inLanguage\":\"en-GB\",\"@id\":\"https:\/\/prisonisland.nu\/#\/schema\/logo\/image\/\",\"url\":\"https:\/\/prisonisland.nu\/wp-content\/uploads\/2020\/04\/Prison-Island-small-Logo-white.png\",\"contentUrl\":\"https:\/\/prisonisland.nu\/wp-content\/uploads\/2020\/04\/Prison-Island-small-Logo-white.png\",\"width\":543,\"height\":108,\"caption\":\"Prison Island G\u00f6teborg\"},\"image\":{\"@id\":\"https:\/\/prisonisland.nu\/#\/schema\/logo\/image\/\"},\"sameAs\":[\"https:\/\/www.facebook.com\/prisonislandgbg\/\",\"https:\/\/www.instagram.com\/prison_island_gbg\/\"]}]}<\/script>\n<!-- \/ Yoast SEO plugin. -->","yoast_head_json":{"title":"bokningsvillkor - Prison Island G\u00f6teborg","robots":{"index":"index","follow":"follow","max-snippet":"max-snippet:-1","max-image-preview":"max-image-preview:large","max-video-preview":"max-video-preview:-1"},"canonical":"https:\/\/prisonisland.nu\/en\/bokningsvillkor\/","og_locale":"en_GB","og_type":"article","og_title":"bokningsvillkor - Prison Island G\u00f6teborg","og_description":"Bokningsvillkor \u00c4ndring samt avbokning\u00c4ndring och avbokning av aktivitet kan ske till och med 24 timmar innan bokat datum, d\u00e4refter \u00e4r bokningen bindande och vi debiterar efter vad som \u00e4r bokat! Undantag f\u00f6rekommer f\u00f6r vissa bokningar, detta st\u00e5r i s\u00e5 fall under rubriken &#8221;p\u00e5b\u00f6rja bokning&#8221; p\u00e5 respektive bokningssida t.ex Konferens sidan. Ni kan avboka och \u00e4ndra [&hellip;]","og_url":"https:\/\/prisonisland.nu\/en\/bokningsvillkor\/","og_site_name":"Prison Island G\u00f6teborg","article_publisher":"https:\/\/www.facebook.com\/prisonislandgbg\/","article_modified_time":"2023-11-10T11:06:32+00:00","twitter_card":"summary_large_image","twitter_misc":{"Estimated reading time":"1 minute"},"schema":{"@context":"https:\/\/schema.org","@graph":[{"@type":"WebPage","@id":"https:\/\/prisonisland.nu\/bokningsvillkor\/","url":"https:\/\/prisonisland.nu\/bokningsvillkor\/","name":"bokningsvillkor - Prison Island G\u00f6teborg","isPartOf":{"@id":"https:\/\/prisonisland.nu\/#website"},"datePublished":"2023-11-10T10:22:59+00:00","dateModified":"2023-11-10T11:06:32+00:00","breadcrumb":{"@id":"https:\/\/prisonisland.nu\/bokningsvillkor\/#breadcrumb"},"inLanguage":"en-GB","potentialAction":[{"@type":"ReadAction","target":["https:\/\/prisonisland.nu\/bokningsvillkor\/"]}]},{"@type":"BreadcrumbList","@id":"https:\/\/prisonisland.nu\/bokningsvillkor\/#breadcrumb","itemListElement":[{"@type":"ListItem","position":1,"name":"Home","item":"https:\/\/prisonisland.nu\/"},{"@type":"ListItem","position":2,"name":"bokningsvillkor"}]},{"@type":"WebSite","@id":"https:\/\/prisonisland.nu\/#website","url":"https:\/\/prisonisland.nu\/","name":"Prison Island G\u00f6teborg","description":"Unikt F\u00e4ngelse\u00e4ventyr Med Utmanande \u00c4ventyrsceller","publisher":{"@id":"https:\/\/prisonisland.nu\/#organization"},"potentialAction":[{"@type":"SearchAction","target":{"@type":"EntryPoint","urlTemplate":"https:\/\/prisonisland.nu\/?s={search_term_string}"},"query-input":"required name=search_term_string"}],"inLanguage":"en-GB"},{"@type":"Organization","@id":"https:\/\/prisonisland.nu\/#organization","name":"Prison Island G\u00f6teborg","url":"https:\/\/prisonisland.nu\/","logo":{"@type":"ImageObject","inLanguage":"en-GB","@id":"https:\/\/prisonisland.nu\/#\/schema\/logo\/image\/","url":"https:\/\/prisonisland.nu\/wp-content\/uploads\/2020\/04\/Prison-Island-small-Logo-white.png","contentUrl":"https:\/\/prisonisland.nu\/wp-content\/uploads\/2020\/04\/Prison-Island-small-Logo-white.png","width":543,"height":108,"caption":"Prison Island G\u00f6teborg"},"image":{"@id":"https:\/\/prisonisland.nu\/#\/schema\/logo\/image\/"},"sameAs":["https:\/\/www.facebook.com\/prisonislandgbg\/","https:\/\/www.instagram.com\/prison_island_gbg\/"]}]}},"_links":{"self":[{"href":"https:\/\/prisonisland.nu\/en\/wp-json\/wp\/v2\/pages\/1527"}],"collection":[{"href":"https:\/\/prisonisland.nu\/en\/wp-json\/wp\/v2\/pages"}],"about":[{"href":"https:\/\/prisonisland.nu\/en\/wp-json\/wp\/v2\/types\/page"}],"author":[{"embeddable":true,"href":"https:\/\/prisonisland.nu\/en\/wp-json\/wp\/v2\/users\/3"}],"replies":[{"embeddable":true,"href":"https:\/\/prisonisland.nu\/en\/wp-json\/wp\/v2\/comments?post=1527"}],"version-history":[{"count":0,"href":"https:\/\/prisonisland.nu\/en\/wp-json\/wp\/v2\/pages\/1527\/revisions"}],"wp:attachment":[{"href":"https:\/\/prisonisland.nu\/en\/wp-json\/wp\/v2\/media?parent=1527"}],"curies":[{"name":"wp","href":"https:\/\/api.w.org\/{rel}","templated":true}]}}